{"id":1375,"date":"2023-10-23T14:35:30","date_gmt":"2023-10-23T12:35:30","guid":{"rendered":"https:\/\/geoportal.kreis-guetersloh.de\/geoportal\/?page_id=1375"},"modified":"2026-04-28T15:04:59","modified_gmt":"2026-04-28T13:04:59","slug":"gebaerdensprache","status":"publish","type":"page","link":"https:\/\/geoportal.kreis-guetersloh.de\/geoportal\/gebaerdensprache\/","title":{"rendered":"Geb\u00e4rdensprache"},"content":{"rendered":"<nav class=\"is-responsive alignfull wp-block-navigation is-layout-flex wp-container-core-navigation-is-layout-da267d74 wp-block-navigation-is-layout-flex\" aria-label=\"BarrierefreihetUndKontakt\" \n\t\t data-wp-interactive=\"core\/navigation\" data-wp-context='{\"overlayOpenedBy\":{\"click\":false,\"hover\":false,\"focus\":false},\"type\":\"overlay\",\"roleAttribute\":\"\",\"ariaLabel\":\"Men\\u00fc\"}'><button aria-haspopup=\"dialog\" aria-label=\"Men\u00fc \u00f6ffnen\" class=\"wp-block-navigation__responsive-container-open\" \n\t\t\t\tdata-wp-on--click=\"actions.openMenuOnClick\"\n\t\t\t\tdata-wp-on--keydown=\"actions.handleMenuKeydown\"\n\t\t\t><svg width=\"24\" height=\"24\" xmlns=\"http:\/\/www.w3.org\/2000\/svg\" viewBox=\"0 0 24 24\" aria-hidden=\"true\" focusable=\"false\"><path d=\"M4 7.5h16v1.5H4z\"><\/path><path d=\"M4 15h16v1.5H4z\"><\/path><\/svg><\/button>\n\t\t\t\t<div class=\"wp-block-navigation__responsive-container\"  id=\"modal-1\" \n\t\t\t\tdata-wp-class--has-modal-open=\"state.isMenuOpen\"\n\t\t\t\tdata-wp-class--is-menu-open=\"state.isMenuOpen\"\n\t\t\t\tdata-wp-watch=\"callbacks.initMenu\"\n\t\t\t\tdata-wp-on--keydown=\"actions.handleMenuKeydown\"\n\t\t\t\tdata-wp-on--focusout=\"actions.handleMenuFocusout\"\n\t\t\t\ttabindex=\"-1\"\n\t\t\t>\n\t\t\t\t\t<div class=\"wp-block-navigation__responsive-close\" tabindex=\"-1\">\n\t\t\t\t\t\t<div class=\"wp-block-navigation__responsive-dialog\" \n\t\t\t\tdata-wp-bind--aria-modal=\"state.ariaModal\"\n\t\t\t\tdata-wp-bind--aria-label=\"state.ariaLabel\"\n\t\t\t\tdata-wp-bind--role=\"state.roleAttribute\"\n\t\t\t>\n\t\t\t\t\t\t\t<button aria-label=\"Men\u00fc schlie\u00dfen\" class=\"wp-block-navigation__responsive-container-close\" \n\t\t\t\tdata-wp-on--click=\"actions.closeMenuOnClick\"\n\t\t\t><svg xmlns=\"http:\/\/www.w3.org\/2000\/svg\" viewBox=\"0 0 24 24\" width=\"24\" height=\"24\" aria-hidden=\"true\" focusable=\"false\"><path d=\"m13.06 12 6.47-6.47-1.06-1.06L12 10.94 5.53 4.47 4.47 5.53 10.94 12l-6.47 6.47 1.06 1.06L12 13.06l6.47 6.47 1.06-1.06L13.06 12Z\"><\/path><\/svg><\/button>\n\t\t\t\t\t\t\t<div class=\"wp-block-navigation__responsive-container-content\" \n\t\t\t\tdata-wp-watch=\"callbacks.focusFirstElement\"\n\t\t\t id=\"modal-1-content\">\n\t\t\t\t\t\t\t\t<ul class=\"wp-block-navigation__container is-responsive alignfull wp-block-navigation\"><li class=\" wp-block-navigation-item wp-block-navigation-link\"><a class=\"wp-block-navigation-item__content\"  href=\"https:\/\/geoportal.kreis-guetersloh.de\/geoportal\/barrierefreiheit\/\" title=\"Link zur Barrierefreiheitserkl\u00e4rung\"><span class=\"wp-block-navigation-item__label\">Barrierefreiheit<\/span><\/a><\/li><li class=\" wp-block-navigation-item wp-block-navigation-link\"><a class=\"wp-block-navigation-item__content\"  href=\"https:\/\/geoportal.kreis-guetersloh.de\/geoportal\/leichte-sprache\/\"><span class=\"wp-block-navigation-item__label\">Leichte Sprache<\/span><\/a><\/li><li class=\" wp-block-navigation-item wp-block-navigation-link\"><a class=\"wp-block-navigation-item__content\"  href=\"https:\/\/geoportal.kreis-guetersloh.de\/geoportal\/gebaerdensprache\/\"><span class=\"wp-block-navigation-item__label\">Geb\u00e4rdensprache<\/span><\/a><\/li><\/ul>\n\t\t\t\t\t\t\t<\/div>\n\t\t\t\t\t\t<\/div>\n\t\t\t\t\t<\/div>\n\t\t\t\t<\/div><\/nav>\n\n\n<div class=\"wp-block-cover alignfull cover-behind-all\" style=\"padding-top:0;padding-right:0;padding-bottom:0;padding-left:var(--wp--preset--spacing--30);min-height:117px;aspect-ratio:unset;\"><img loading=\"lazy\" decoding=\"async\" width=\"1920\" height=\"1098\" class=\"wp-block-cover__image-background wp-image-265\" alt=\"\" src=\"https:\/\/geoportal.kreis-guetersloh.de\/geoportal\/wp-content\/uploads\/2023\/04\/CoverbildGT.jpg\" style=\"object-position:50% 60%\" data-object-fit=\"cover\" data-object-position=\"50% 60%\" srcset=\"https:\/\/geoportal.kreis-guetersloh.de\/geoportal\/wp-content\/uploads\/2023\/04\/CoverbildGT.jpg 1920w, https:\/\/geoportal.kreis-guetersloh.de\/geoportal\/wp-content\/uploads\/2023\/04\/CoverbildGT-300x172.jpg 300w, https:\/\/geoportal.kreis-guetersloh.de\/geoportal\/wp-content\/uploads\/2023\/04\/CoverbildGT-1024x586.jpg 1024w, https:\/\/geoportal.kreis-guetersloh.de\/geoportal\/wp-content\/uploads\/2023\/04\/CoverbildGT-768x439.jpg 768w, https:\/\/geoportal.kreis-guetersloh.de\/geoportal\/wp-content\/uploads\/2023\/04\/CoverbildGT-1536x878.jpg 1536w\" sizes=\"auto, (max-width: 1920px) 100vw, 1920px\" \/><span aria-hidden=\"true\" class=\"wp-block-cover__background has-background-dim-60 has-background-dim\"><\/span><div class=\"wp-block-cover__inner-container is-layout-flow wp-block-cover-is-layout-flow\">\n<h1 class=\"wp-block-heading\">Geb\u00e4rdensprache<\/h1>\n<\/div><\/div>\n\n\n\n<header class=\"wp-block-group alignfull main-menu is-default-style has-background-background-color has-background has-global-padding is-layout-constrained wp-container-core-group-is-layout-46b365e2 wp-block-group-is-layout-constrained\" style=\"border-radius:0px;border-bottom-color:var(--wp--preset--color--cyan-bluish-gray);border-bottom-width:1px;padding-top:0;padding-right:0;padding-bottom:0;padding-left:0\"><nav class=\"is-responsive alignfull wp-block-navigation is-layout-flex wp-container-core-navigation-is-layout-da267d74 wp-block-navigation-is-layout-flex\" aria-label=\"Navigation\" \n\t\t data-wp-interactive=\"core\/navigation\" data-wp-context='{\"overlayOpenedBy\":{\"click\":false,\"hover\":false,\"focus\":false},\"type\":\"overlay\",\"roleAttribute\":\"\",\"ariaLabel\":\"Men\\u00fc\"}'><button aria-haspopup=\"dialog\" aria-label=\"Men\u00fc \u00f6ffnen\" class=\"wp-block-navigation__responsive-container-open\" \n\t\t\t\tdata-wp-on--click=\"actions.openMenuOnClick\"\n\t\t\t\tdata-wp-on--keydown=\"actions.handleMenuKeydown\"\n\t\t\t><svg width=\"24\" height=\"24\" xmlns=\"http:\/\/www.w3.org\/2000\/svg\" viewBox=\"0 0 24 24\" aria-hidden=\"true\" focusable=\"false\"><path d=\"M4 7.5h16v1.5H4z\"><\/path><path d=\"M4 15h16v1.5H4z\"><\/path><\/svg><\/button>\n\t\t\t\t<div class=\"wp-block-navigation__responsive-container\"  id=\"modal-3\" \n\t\t\t\tdata-wp-class--has-modal-open=\"state.isMenuOpen\"\n\t\t\t\tdata-wp-class--is-menu-open=\"state.isMenuOpen\"\n\t\t\t\tdata-wp-watch=\"callbacks.initMenu\"\n\t\t\t\tdata-wp-on--keydown=\"actions.handleMenuKeydown\"\n\t\t\t\tdata-wp-on--focusout=\"actions.handleMenuFocusout\"\n\t\t\t\ttabindex=\"-1\"\n\t\t\t>\n\t\t\t\t\t<div class=\"wp-block-navigation__responsive-close\" tabindex=\"-1\">\n\t\t\t\t\t\t<div class=\"wp-block-navigation__responsive-dialog\" \n\t\t\t\tdata-wp-bind--aria-modal=\"state.ariaModal\"\n\t\t\t\tdata-wp-bind--aria-label=\"state.ariaLabel\"\n\t\t\t\tdata-wp-bind--role=\"state.roleAttribute\"\n\t\t\t>\n\t\t\t\t\t\t\t<button aria-label=\"Men\u00fc schlie\u00dfen\" class=\"wp-block-navigation__responsive-container-close\" \n\t\t\t\tdata-wp-on--click=\"actions.closeMenuOnClick\"\n\t\t\t><svg xmlns=\"http:\/\/www.w3.org\/2000\/svg\" viewBox=\"0 0 24 24\" width=\"24\" height=\"24\" aria-hidden=\"true\" focusable=\"false\"><path d=\"m13.06 12 6.47-6.47-1.06-1.06L12 10.94 5.53 4.47 4.47 5.53 10.94 12l-6.47 6.47 1.06 1.06L12 13.06l6.47 6.47 1.06-1.06L13.06 12Z\"><\/path><\/svg><\/button>\n\t\t\t\t\t\t\t<div class=\"wp-block-navigation__responsive-container-content\" \n\t\t\t\tdata-wp-watch=\"callbacks.focusFirstElement\"\n\t\t\t id=\"modal-3-content\">\n\t\t\t\t\t\t\t\t<ul class=\"wp-block-navigation__container is-responsive alignfull wp-block-navigation\"><li class=\"wp-block-navigation-item\"><div class=\"wp-block-site-logo\"><a href=\"https:\/\/geoportal.kreis-guetersloh.de\/geoportal\/\" class=\"custom-logo-link\" rel=\"home\"><img loading=\"lazy\" decoding=\"async\" width=\"176\" height=\"43\" src=\"https:\/\/geoportal.kreis-guetersloh.de\/geoportal\/wp-content\/uploads\/2025\/03\/Globus_Geoportal-e1742383928854.png\" class=\"custom-logo\" alt=\"Geoportal Logo Kreis G\u00fctersloh\" srcset=\"https:\/\/geoportal.kreis-guetersloh.de\/geoportal\/wp-content\/uploads\/2025\/03\/Globus_Geoportal-e1742383928854.png 604w, https:\/\/geoportal.kreis-guetersloh.de\/geoportal\/wp-content\/uploads\/2025\/03\/Globus_Geoportal-e1742383928854-300x75.png 300w\" sizes=\"auto, (max-width: 176px) 100vw, 176px\" \/><\/a><\/div><\/li><li data-wp-context=\"{ &quot;submenuOpenedBy&quot;: { &quot;click&quot;: false, &quot;hover&quot;: false, &quot;focus&quot;: false }, &quot;type&quot;: &quot;submenu&quot;, &quot;modal&quot;: null, &quot;previousFocus&quot;: null }\" data-wp-interactive=\"core\/navigation\" data-wp-on--focusout=\"actions.handleMenuFocusout\" data-wp-on--keydown=\"actions.handleMenuKeydown\" data-wp-on--mouseenter=\"actions.openMenuOnHover\" data-wp-on--mouseleave=\"actions.closeMenuOnHover\" data-wp-watch=\"callbacks.initMenu\" tabindex=\"-1\" class=\"wp-block-navigation-item has-child open-on-hover-click wp-block-navigation-submenu\"><a class=\"wp-block-navigation-item__content\"><span class=\"wp-block-navigation-item__label\">Open Data<\/span><\/a><button data-wp-bind--aria-expanded=\"state.isMenuOpen\" data-wp-on--click=\"actions.toggleMenuOnClick\" aria-label=\"Untermen\u00fc von Open Data\" class=\"wp-block-navigation__submenu-icon wp-block-navigation-submenu__toggle\" ><svg xmlns=\"http:\/\/www.w3.org\/2000\/svg\" width=\"12\" height=\"12\" viewBox=\"0 0 12 12\" fill=\"none\" aria-hidden=\"true\" focusable=\"false\"><path d=\"M1.50002 4L6.00002 8L10.5 4\" stroke-width=\"1.5\"><\/path><\/svg><\/button><ul data-wp-on--focus=\"actions.openMenuOnFocus\" class=\"wp-block-navigation__submenu-container wp-block-navigation-submenu\"><li class=\" wp-block-navigation-item wp-block-navigation-link\"><a class=\"wp-block-navigation-item__content\"  href=\"https:\/\/opendata.kreis-guetersloh.de\/\" target=\"_blank\"  ><span class=\"wp-block-navigation-item__label\">OpenData Portal<\/span><\/a><\/li><li class=\" wp-block-navigation-item wp-block-navigation-link\"><a class=\"wp-block-navigation-item__content\"  href=\"https:\/\/geoportal.kreis-guetersloh.de\/maps\/flurkarte\/\" target=\"_blank\"  ><span class=\"wp-block-navigation-item__label\">OpenData Interaktiv<\/span><\/a><\/li><\/ul><\/li><li data-wp-context=\"{ &quot;submenuOpenedBy&quot;: { &quot;click&quot;: false, &quot;hover&quot;: false, &quot;focus&quot;: false }, &quot;type&quot;: &quot;submenu&quot;, &quot;modal&quot;: null, &quot;previousFocus&quot;: null }\" data-wp-interactive=\"core\/navigation\" data-wp-on--focusout=\"actions.handleMenuFocusout\" data-wp-on--keydown=\"actions.handleMenuKeydown\" data-wp-on--mouseenter=\"actions.openMenuOnHover\" data-wp-on--mouseleave=\"actions.closeMenuOnHover\" data-wp-watch=\"callbacks.initMenu\" tabindex=\"-1\" class=\"wp-block-navigation-item has-child open-on-hover-click wp-block-navigation-submenu\"><a class=\"wp-block-navigation-item__content\"><span class=\"wp-block-navigation-item__label\">Interessantes<\/span><\/a><button data-wp-bind--aria-expanded=\"state.isMenuOpen\" data-wp-on--click=\"actions.toggleMenuOnClick\" aria-label=\"Untermen\u00fc von Interessantes\" class=\"wp-block-navigation__submenu-icon wp-block-navigation-submenu__toggle\" ><svg xmlns=\"http:\/\/www.w3.org\/2000\/svg\" width=\"12\" height=\"12\" viewBox=\"0 0 12 12\" fill=\"none\" aria-hidden=\"true\" focusable=\"false\"><path d=\"M1.50002 4L6.00002 8L10.5 4\" stroke-width=\"1.5\"><\/path><\/svg><\/button><ul data-wp-on--focus=\"actions.openMenuOnFocus\" class=\"wp-block-navigation__submenu-container wp-block-navigation-submenu\"><li class=\" wp-block-navigation-item wp-block-navigation-link\"><a class=\"wp-block-navigation-item__content\"  href=\"https:\/\/geoportal.kreis-guetersloh.de\/applications\/luftbildervergleich\" target=\"_blank\"  ><span class=\"wp-block-navigation-item__label\">Luftbildvergleich<\/span><\/a><\/li><li class=\" wp-block-navigation-item wp-block-navigation-link\"><a class=\"wp-block-navigation-item__content\"  href=\"https:\/\/geoportal.kreis-guetersloh.de\/kartenviewer\/flurkarte\/\" target=\"_blank\"  ><span class=\"wp-block-navigation-item__label\">Kataster-Auskunft<\/span><\/a><\/li><li class=\" wp-block-navigation-item wp-block-navigation-link\"><a class=\"wp-block-navigation-item__content\"  href=\"https:\/\/open.nrw\" target=\"_blank\"  ><span class=\"wp-block-navigation-item__label\">Open.NRW<\/span><\/a><\/li><li class=\" wp-block-navigation-item wp-block-navigation-link\"><a class=\"wp-block-navigation-item__content\"  href=\"https:\/\/www.geoportal.nrw\/?activetab=portal\" target=\"_blank\"  ><span class=\"wp-block-navigation-item__label\">Geoportal NRW<\/span><\/a><\/li><li class=\" wp-block-navigation-item wp-block-navigation-link\"><a class=\"wp-block-navigation-item__content\"  href=\"https:\/\/www.geoportal.de\/\" target=\"_blank\"  ><span class=\"wp-block-navigation-item__label\">Geoportal DE<\/span><\/a><\/li><li class=\" wp-block-navigation-item wp-block-navigation-link\"><a class=\"wp-block-navigation-item__content\"  href=\"https:\/\/www.tim-online.nrw.de\/tim-online2\/\" target=\"_blank\"  ><span class=\"wp-block-navigation-item__label\">TIM-Online<\/span><\/a><\/li><\/ul><\/li><li class=\" wp-block-navigation-item wp-block-navigation-link\"><a class=\"wp-block-navigation-item__content\"  href=\"https:\/\/geoportal.kreis-guetersloh.de\/geoportal\/fachanwendungen\/\"><span class=\"wp-block-navigation-item__label\">Fachanwendungen<\/span><\/a><\/li><li class=\" wp-block-navigation-item wp-block-navigation-link\"><a class=\"wp-block-navigation-item__content\"  href=\"https:\/\/geoportal.kreis-guetersloh.de\/geoportal\/newsfeed\/\"><span class=\"wp-block-navigation-item__label\">Archiv<\/span><\/a><\/li><li data-wp-context=\"{ &quot;submenuOpenedBy&quot;: { &quot;click&quot;: false, &quot;hover&quot;: false, &quot;focus&quot;: false }, &quot;type&quot;: &quot;submenu&quot;, &quot;modal&quot;: null, &quot;previousFocus&quot;: null }\" data-wp-interactive=\"core\/navigation\" data-wp-on--focusout=\"actions.handleMenuFocusout\" data-wp-on--keydown=\"actions.handleMenuKeydown\" data-wp-on--mouseenter=\"actions.openMenuOnHover\" data-wp-on--mouseleave=\"actions.closeMenuOnHover\" data-wp-watch=\"callbacks.initMenu\" tabindex=\"-1\" class=\"wp-block-navigation-item has-child open-on-hover-click wp-block-navigation-submenu\"><a class=\"wp-block-navigation-item__content\"><span class=\"wp-block-navigation-item__label\">Hilfe &amp; Kontakt<\/span><\/a><button data-wp-bind--aria-expanded=\"state.isMenuOpen\" data-wp-on--click=\"actions.toggleMenuOnClick\" aria-label=\"Untermen\u00fc von Hilfe &amp; Kontakt\" class=\"wp-block-navigation__submenu-icon wp-block-navigation-submenu__toggle\" ><svg xmlns=\"http:\/\/www.w3.org\/2000\/svg\" width=\"12\" height=\"12\" viewBox=\"0 0 12 12\" fill=\"none\" aria-hidden=\"true\" focusable=\"false\"><path d=\"M1.50002 4L6.00002 8L10.5 4\" stroke-width=\"1.5\"><\/path><\/svg><\/button><ul data-wp-on--focus=\"actions.openMenuOnFocus\" class=\"wp-block-navigation__submenu-container wp-block-navigation-submenu\"><li class=\" wp-block-navigation-item wp-block-navigation-link\"><a class=\"wp-block-navigation-item__content\"  href=\"https:\/\/geoportal.kreis-guetersloh.de\/geoportal\/hilfe\/\"><span class=\"wp-block-navigation-item__label\">Hilfe<\/span><\/a><\/li><li class=\" wp-block-navigation-item wp-block-navigation-link\"><a class=\"wp-block-navigation-item__content\"  href=\"https:\/\/geoportal.kreis-guetersloh.de\/geoportal\/kontakt-2\/\"><span class=\"wp-block-navigation-item__label\">Kontakt<\/span><\/a><\/li><li class=\" wp-block-navigation-item wp-block-navigation-link\"><a class=\"wp-block-navigation-item__content\"  href=\"https:\/\/geoportal.kreis-guetersloh.de\/geoportal\/amtliche-liegenschaftskarte\/\"><span class=\"wp-block-navigation-item__label\">Katasterausk\u00fcnfte<\/span><\/a><\/li><\/ul><\/li><\/ul><form role=\"search\" method=\"get\" action=\"https:\/\/geoportal.kreis-guetersloh.de\/geoportal\/\" class=\"wp-block-search__button-inside wp-block-search__icon-button nav-search wp-block-search\"    ><label class=\"wp-block-search__label screen-reader-text\" for=\"wp-block-search__input-2\" >Suchen<\/label><div class=\"wp-block-search__inside-wrapper\" ><input class=\"wp-block-search__input\" id=\"wp-block-search__input-2\" placeholder=\"Suchen\" value=\"\" type=\"search\" name=\"s\" required \/><button aria-label=\"Suchen\" class=\"wp-block-search__button has-icon wp-element-button\" type=\"submit\" ><svg class=\"search-icon\" viewBox=\"0 0 24 24\" width=\"24\" height=\"24\">\n\t\t\t\t\t<path d=\"M13 5c-3.3 0-6 2.7-6 6 0 1.4.5 2.7 1.3 3.7l-3.8 3.8 1.1 1.1 3.8-3.8c1 .8 2.3 1.3 3.7 1.3 3.3 0 6-2.7 6-6S16.3 5 13 5zm0 10.5c-2.5 0-4.5-2-4.5-4.5s2-4.5 4.5-4.5 4.5 2 4.5 4.5-2 4.5-4.5 4.5z\"><\/path>\n\t\t\t\t<\/svg><\/button><\/div><\/form>\n\t\t\t\t\t\t\t<\/div>\n\t\t\t\t\t\t<\/div>\n\t\t\t\t\t<\/div>\n\t\t\t\t<\/div><\/nav><\/header>\n\n\n\n<h4 class=\"wp-block-heading\">HINWEISE ZUR GEB\u00c4RDENSPRACHE<\/h4>\n\n\n\n<p>Da wir zur Zeit keine lautsprachlichen Inhalte in Form von Videos oder Audiodateien bereit stellen,  gibt es aktuell keine Inhalte in Geb\u00e4rdensprache. <\/p>\n\n\n\n<p>Sollte sich das zuk\u00fcnftig \u00e4ndern, bem\u00fchen wir uns selbstverst\u00e4ndlich darum, diese Barriere zu beheben.<\/p>\n\n\n\n<p>Es besteht das Bewusstsein, dass die Geb\u00e4rdensprache eine eigene Grammatik besitzt, sodass auch geschriebener Text f\u00fcr Menschen, die nicht in der Lautsprache kommunizieren, Barrieren aufweist. Die Umsetzung der \u00dcbersetzungen in Geb\u00e4rdensprache erfordert einen hohen Aufwand. Eine Realisierung ist angedacht.<\/p>\n\n\n\n<p>Erl\u00e4uterungen zur Funktion des Geoportals finden Sie in Textform auch unter: <a href=\"https:\/\/geoportal.kreis-guetersloh.de\/geoportal\/leichte-sprache\/\" data-type=\"page\" data-id=\"890\">Leichte Sprache<\/a>. Hinweise zum Open-Data-Portal finden Sie aktuell in leichter Sprache hier: <a href=\"https:\/\/opendata.kreis-guetersloh.de\/pages\/easyread\" data-type=\"link\" data-id=\"https:\/\/opendata.kreis-guetersloh.de\/pages\/easyread\">Open Data &#8211; Leichte Sprache<\/a>.<\/p>\n\n\n\n<p>Haben Sie Anregungen oder Hinweise? Dann nehmen Sie gerne Kontakt mit uns auf. Die Barrierefreiheit ist uns ein wichtiges Anliegen und wir lernen gerne dazu.<\/p>\n\n\n\n<p>Vielen Dank!<\/p>\n\n\n\n<p><\/p>\n\n\n\n<footer id=\"footer-default\" class=\"wp-block-group has-global-padding is-layout-constrained wp-container-core-group-is-layout-ebc70dd2 wp-block-group-is-layout-constrained\" style=\"padding-top:var(--wp--preset--spacing--30);padding-right:var(--wp--preset--spacing--30);padding-bottom:0;padding-left:var(--wp--preset--spacing--30)\">\n<div id=\"upper-footer\" class=\"wp-block-group border-top is-layout-flow wp-block-group-is-layout-flow\" style=\"padding-top:0;padding-right:0;padding-bottom:0;padding-left:0\">\n<div class=\"wp-block-columns is-layout-flex wp-container-core-columns-is-layout-87beb0d0 wp-block-columns-is-layout-flex\">\n<div class=\"wp-block-column is-layout-flow wp-block-column-is-layout-flow\" style=\"padding-top:0;padding-right:0;padding-bottom:0;padding-left:0;flex-basis:25%\">\n<figure class=\"wp-block-image size-large is-resized\"><a href=\"https:\/\/www.kreis-guetersloh.de\/\" target=\"_blank\" rel=\"noreferrer noopener\"><img decoding=\"async\" src=\"https:\/\/geoportal.kreis-guetersloh.de\/downloads\/bilder\/wappen_kreisgt.png\" alt=\"\" style=\"width:auto;height:145px\"\/><\/a><\/figure>\n<\/div>\n\n\n\n<div class=\"wp-block-column is-layout-flow wp-block-column-is-layout-flow\" style=\"flex-basis:25%\">\n<h6 class=\"wp-block-heading\">Kontakt              <\/h6>\n\n\n\n<p>Kreis G\u00fctersloh<br>Herzebrocker Stra\u00dfe 140<br>33324 G\u00fctersloh<br>Tel: 05241 85-0<br><br><\/p>\n<\/div>\n\n\n\n<div class=\"wp-block-column is-layout-flow wp-block-column-is-layout-flow\" style=\"flex-basis:25%\">\n<h6 class=\"wp-block-heading\">Fachabteilung<\/h6>\n\n\n\n<p>Abteilung 4.1 Geoinformation, Kataster und Vermessung<br>Sachgebiet Geodatenservice<br>Mail: <a href=\"mailto:support.gis@kreis-guetersloh.de\">support.gis@kreis-guetersloh.de<\/a><\/p>\n\n\n\n<p><a href=\"https:\/\/geoportal.kreis-guetersloh.de\/geoportal\/kontakt-2\/\">Kontaktformular<\/a><\/p>\n<\/div>\n\n\n\n<div class=\"wp-block-column is-layout-flow wp-block-column-is-layout-flow\" style=\"flex-basis:25%\">\n<h6 class=\"wp-block-heading\">Informationen<\/h6>\n\n\n\n<p><a href=\"https:\/\/geoportal.kreis-guetersloh.de\/geoportal\/impressum\/\" data-type=\"page\" data-id=\"1063\">Impressum<\/a><br><a href=\"https:\/\/geoportal.kreis-guetersloh.de\/geoportal\/datenschutzerklaerung\/\" data-type=\"page\" data-id=\"3\">Datenschutzerkl\u00e4rung<\/a><br><a rel=\"noreferrer noopener\" href=\"https:\/\/www.kreis-guetersloh.de\/unser-kreis\/verwaltung\/dsgvo\/\" target=\"_blank\">DSGVO<\/a><br><a rel=\"noreferrer noopener\" href=\"https:\/\/geoportal.kreis-guetersloh.de\/geoportal\/amtliche-liegenschaftskarte\/\" target=\"_blank\">Amtliche Liegenschaftskarte<\/a><\/p>\n<\/div>\n<\/div>\n<\/div>\n\n\n\n<div class=\"wp-block-group alignwide has-global-padding is-layout-constrained wp-block-group-is-layout-constrained\" id=\"lower-footer\" style=\"border-top-color:var(--wp--preset--color--secondary);border-top-width:1px\">\n<p class=\"has-text-align-center copyright has-small-font-size\" style=\"padding-top:var(--wp--preset--spacing--30);padding-right:var(--wp--preset--spacing--30);padding-bottom:var(--wp--preset--spacing--30);padding-left:var(--wp--preset--spacing--30)\">Copyright \u00a9 <script>document.write(new Date().getFullYear())<\/script> <a rel=\"noreferrer noopener\" href=\"https:\/\/www.kreis-guetersloh.de\/\" target=\"_blank\">Kreis G\u00fctersloh<\/a><\/p>\n<\/div>\n<\/footer>\n","protected":false},"excerpt":{"rendered":"<p>HINWEISE ZUR GEB\u00c4RDENSPRACHE Da wir zur Zeit keine lautsprachlichen Inhalte in Form von Videos oder Audiodateien bereit stellen, gibt es aktuell keine Inhalte in Geb\u00e4rdensprache. Sollte sich das zuk\u00fcnftig \u00e4ndern, bem\u00fchen wir uns selbstverst\u00e4ndlich darum, diese Barriere zu beheben. Es besteht das Bewusstsein, dass die Geb\u00e4rdensprache eine eigene Grammatik besitzt, sodass auch geschriebener Text f\u00fcr [&hellip;]<\/p>\n","protected":false},"author":1,"featured_media":5,"parent":0,"menu_order":0,"comment_status":"closed","ping_status":"closed","template":"","meta":{"footnotes":""},"class_list":["post-1375","page","type-page","status-publish","has-post-thumbnail","hentry"],"_links":{"self":[{"href":"https:\/\/geoportal.kreis-guetersloh.de\/geoportal\/wp-json\/wp\/v2\/pages\/1375","targetHints":{"allow":["GET"]}}],"collection":[{"href":"https:\/\/geoportal.kreis-guetersloh.de\/geoportal\/wp-json\/wp\/v2\/pages"}],"about":[{"href":"https:\/\/geoportal.kreis-guetersloh.de\/geoportal\/wp-json\/wp\/v2\/types\/page"}],"author":[{"embeddable":true,"href":"https:\/\/geoportal.kreis-guetersloh.de\/geoportal\/wp-json\/wp\/v2\/users\/1"}],"replies":[{"embeddable":true,"href":"https:\/\/geoportal.kreis-guetersloh.de\/geoportal\/wp-json\/wp\/v2\/comments?post=1375"}],"version-history":[{"count":11,"href":"https:\/\/geoportal.kreis-guetersloh.de\/geoportal\/wp-json\/wp\/v2\/pages\/1375\/revisions"}],"predecessor-version":[{"id":2594,"href":"https:\/\/geoportal.kreis-guetersloh.de\/geoportal\/wp-json\/wp\/v2\/pages\/1375\/revisions\/2594"}],"wp:featuredmedia":[{"embeddable":true,"href":"https:\/\/geoportal.kreis-guetersloh.de\/geoportal\/wp-json\/wp\/v2\/media\/5"}],"wp:attachment":[{"href":"https:\/\/geoportal.kreis-guetersloh.de\/geoportal\/wp-json\/wp\/v2\/media?parent=1375"}],"curies":[{"name":"wp","href":"https:\/\/api.w.org\/{rel}","templated":true}]}}